{"id":1406,"date":"2023-11-28T14:53:07","date_gmt":"2023-11-28T14:53:07","guid":{"rendered":"https:\/\/www.hotellabussolajesolo.it\/jesolo-beach\/"},"modified":"2023-12-20T11:04:47","modified_gmt":"2023-12-20T11:04:47","slug":"jesolo-beach","status":"publish","type":"page","link":"https:\/\/www.hotellabussolajesolo.it\/de\/jesolo-beach\/","title":{"rendered":"Jesolo Beach"},"content":{"rendered":"\t\t<div data-elementor-type=\"wp-page\" data-elementor-id=\"1406\" class=\"elementor elementor-1406 elementor-418\" data-elementor-post-type=\"page\">\n\t\t\t\t\t\t\t<div class=\"elementor-element elementor-element-395c0d7 e-flex e-con-boxed e-con e-parent\" data-id=\"395c0d7\" data-element_type=\"container\" data-settings=\"{&quot;background_background&quot;:&quot;classic&quot;,&quot;content_width&quot;:&quot;boxed&quot;}\" data-core-v316-plus=\"true\">\n\t\t\t\t\t<div class=\"e-con-inner\">\n\t\t\t\t<div class=\"elementor-element elementor-element-4178a3a elementor-widget elementor-widget-heading\" data-id=\"4178a3a\" data-element_type=\"widget\" data-widget_type=\"heading.default\">\n\t\t\t\t<div class=\"elementor-widget-container\">\n\t\t\t<style>\/*! elementor - v3.18.0 - 20-12-2023 *\/\n.elementor-heading-title{padding:0;margin:0;line-height:1}.elementor-widget-heading .elementor-heading-title[class*=elementor-size-]>a{color:inherit;font-size:inherit;line-height:inherit}.elementor-widget-heading .elementor-heading-title.elementor-size-small{font-size:15px}.elementor-widget-heading .elementor-heading-title.elementor-size-medium{font-size:19px}.elementor-widget-heading .elementor-heading-title.elementor-size-large{font-size:29px}.elementor-widget-heading .elementor-heading-title.elementor-size-xl{font-size:39px}.elementor-widget-heading .elementor-heading-title.elementor-size-xxl{font-size:59px}<\/style><h2 class=\"elementor-heading-title elementor-size-default\">Willkommen in Jesolo<\/h2>\t\t<\/div>\n\t\t\t\t<\/div>\n\t\t\t\t\t<\/div>\n\t\t\t\t<\/div>\n\t\t<div class=\"elementor-element elementor-element-4aeabe1 e-flex e-con-boxed e-con e-parent\" data-id=\"4aeabe1\" data-element_type=\"container\" data-settings=\"{&quot;content_width&quot;:&quot;boxed&quot;}\" data-core-v316-plus=\"true\">\n\t\t\t\t\t<div class=\"e-con-inner\">\n\t\t\t\t<div class=\"elementor-element elementor-element-10308d9 elementor-view-default elementor-widget elementor-widget-icon\" data-id=\"10308d9\" data-element_type=\"widget\" data-widget_type=\"icon.default\">\n\t\t\t\t<div class=\"elementor-widget-container\">\n\t\t\t\t\t<div class=\"elementor-icon-wrapper\">\n\t\t\t<div class=\"elementor-icon\">\n\t\t\t<svg xmlns=\"http:\/\/www.w3.org\/2000\/svg\" id=\"b\" width=\"45.01\" height=\"49.91\" viewBox=\"0 0 45.01 49.91\"><g id=\"c\"><path d=\"m0,27.92c.14-1.49.23-2.98.45-4.45.12-.82.41-1.65.74-2.42,2.5-5.79,6.65-10.02,12.24-12.88,1.22-.62,2.49-1.12,3.72-1.72.25-.12.53-.41.57-.66.49-3.4,1.95-5.01,5.24-5.71,2.88-.61,5.49,2.05,4.85,4.96-.3,1.39-.28,1.34,1.03,1.83,3.58,1.34,6.76,3.29,9.57,5.93,1.75,1.64,3.4,3.35,4.33,5.54,3.38,7.92,3.24,15.54-2.28,22.58-1.38,1.76-2.7,3.6-4.6,4.85-4.43,2.91-9.3,4.55-14.61,4.04-4.23-.4-8.34-1.58-12-3.81-3.12-1.91-5.35-4.7-6.89-8.05C.9,34.76,0,31.46,0,27.92Zm3-.45c-.08,11.17,9.12,20.46,21.36,20.13,9.21-.25,17.83-9.63,17.72-19.57-.14-11.96-9.95-19.69-19.73-19.58-12.17.14-19.66,10.87-19.34,19.02ZM24.78,5.62c0-1.29-.81-2.1-1.93-2.02-1.12.07-1.9,1.08-1.76,2.41,1.22-.13,2.43-.26,3.69-.39Z\" fill=\"#3f5150\" stroke-width=\"0\"><\/path><path d=\"m30.29,27.14c0-.09-.02-.18-.03-.26-.26-.12-.52-.26-.79-.36-1.56-.58-3.12-1.17-4.7-1.7-.75-.25-1.18-.69-1.48-1.43-.55-1.35-1.21-2.67-1.87-3.98-.13-.26-.46-.42-.72-.66-.37,1.73-.7,3.31-1.03,4.89-.17.83-.66,1.36-1.44,1.67-.95.37-1.9.74-2.84,1.14-.89.37-1.76.77-2.84,1.24.48.21.74.33,1.01.43,1.5.54,2.99,1.09,4.5,1.59.87.29,1.41.84,1.72,1.71.49,1.36,1.03,2.69,1.57,4.03.11.28.32.52.48.77.09,0,.17,0,.26,0,.23-.58.53-1.15.69-1.75.34-1.3.62-2.61.9-3.93.2-.92.73-1.48,1.64-1.73,1.25-.34,2.49-.71,3.72-1.1.43-.14.83-.37,1.24-.56Zm-6.57,11.4c.11-.85-.04-1.05-.77-1.04-1.16.01-1.97.58-2.53,1.56-.41.72-.32,1.05.44,1.39.24.11.54.09.78.21.53.25,1.1.46,1.54.83.51.43.8,1.04.47,1.73-.26.54-1.1.83-1.84.61-.37-.11-.72-.32-1.06-.52-.36-.21-.76-.33-.94.1-.08.2.13.67.35.81.45.29.97.53,1.49.64,1.14.24,2.58-.53,2.99-1.51.43-1.02.03-2.21-1.06-2.97-.38-.27-.83-.44-1.25-.65-.25-.13-.5-.25-.76-.38.5-1.01,1.33-.85,2.15-.8Zm-3.22-23.51c.8.87,1.48,1.61,2.3,2.5.26-.65.54-1.1.62-1.58.19-1.15.3-2.31.4-3.47.02-.23-.14-.47-.21-.7-.24.13-.57.2-.71.4-.16.22-.17.56-.23.85-.11.63-.21,1.25-.35,2.09-.55-.53-.96-.94-1.39-1.33-.66-.6-1.15-.49-1.47.35-.3.81-.54,1.65-.8,2.48-.04.12-.08.26-.04.37.1.28.24.55.37.82.23-.18.53-.32.68-.55.17-.26.19-.61.3-.91.14-.39.3-.78.52-1.32Zm15.91,8.79c-.76-.76-1.5-.06-2.22-.01-.5.04-.86.31-.9.83-.08,1.21-.16,2.43-.17,3.64,0,.63.51,1.08,1.05.99.58-.11,1.17-.25,1.72-.47.18-.07.32-.45.33-.69,0-.11-.32-.31-.52-.34-.23-.04-.49.05-.73.12-.42.13-.69,0-.77-.43-.07-.37-.01-.63.46-.77.66-.19,1.29-.51,1.92-.8.11-.05.16-.22.23-.34-.13-.08-.27-.24-.4-.24-.32,0-.63.11-.95.14-.38.04-.75.05-1.22.07.23-1.34,1.62-.86,2.17-1.71Zm-28.11,6.01c1.14-.97,1.44-2.19,1.8-3.37.05-.15-.16-.38-.25-.57-.19.12-.44.21-.54.38-.19.32-.26.7-.42,1.03-.11.23-.27.43-.48.75-.35-.55-.58-1.02-.91-1.41-.2-.24-.54-.35-.82-.52-.13.25-.29.49-.38.75-.13.38-.21.78-.37,1.38-.42-.66-.68-1.13-1.01-1.56-.11-.14-.36-.16-.55-.24-.06.17-.23.38-.18.5.53,1.13,1.1,2.24,1.66,3.36.11,0,.22,0,.33,0,.26-.79.53-1.57.85-2.54.46.77.83,1.38,1.26,2.09Z\" fill=\"#3f5150\" stroke-width=\"0\"><\/path><path d=\"m30.29,27.14c-.41.19-.81.43-1.24.56-1.23.39-2.47.76-3.72,1.1-.91.25-1.45.81-1.64,1.73-.28,1.31-.56,2.63-.9,3.93-.16.6-.45,1.17-.69,1.75-.09,0-.17,0-.26,0-.16-.26-.37-.5-.48-.77-.54-1.34-1.09-2.67-1.57-4.03-.31-.87-.85-1.42-1.72-1.71-1.51-.5-3.01-1.05-4.5-1.59-.27-.1-.53-.23-1.01-.43,1.08-.47,1.95-.87,2.84-1.24.94-.39,1.89-.77,2.84-1.14.78-.3,1.27-.84,1.44-1.67.33-1.58.67-3.16,1.03-4.89.26.23.59.4.72.66.66,1.31,1.32,2.62,1.87,3.98.3.74.73,1.17,1.48,1.43,1.58.53,3.14,1.13,4.7,1.7.27.1.53.24.79.36,0,.09.02.18.03.26Z\" fill=\"#3f5150\" stroke-width=\"0\"><\/path><path d=\"m23.72,38.54c-.82-.04-1.66-.2-2.15.8.26.13.51.25.76.38.42.21.87.39,1.25.65,1.09.76,1.49,1.95,1.06,2.97-.41.98-1.85,1.75-2.99,1.51-.52-.11-1.04-.34-1.49-.64-.21-.14-.43-.61-.35-.81.18-.44.58-.32.94-.1.34.2.68.41,1.06.52.74.22,1.58-.07,1.84-.61.33-.7.04-1.31-.47-1.73-.44-.37-1.01-.58-1.54-.83-.24-.11-.54-.1-.78-.21-.76-.34-.85-.67-.44-1.39.56-.98,1.37-1.55,2.53-1.56.72,0,.88.19.77,1.04Z\" fill=\"#3f5150\" stroke-width=\"0\"><\/path><path d=\"m20.5,15.03c-.22.55-.38.93-.52,1.32-.11.3-.13.65-.3.91-.15.23-.45.37-.68.55-.13-.27-.27-.54-.37-.82-.04-.1,0-.25.04-.37.26-.83.5-1.67.8-2.48.31-.84.81-.94,1.47-.35.43.39.84.8,1.39,1.33.14-.83.24-1.46.35-2.09.05-.29.07-.63.23-.85.15-.2.47-.27.71-.4.08.23.23.47.21.7-.1,1.16-.21,2.32-.4,3.47-.08.48-.36.94-.62,1.58-.82-.9-1.5-1.63-2.3-2.5Z\" fill=\"#3f5150\" stroke-width=\"0\"><\/path><path d=\"m36.41,23.82c-.55.85-1.93.37-2.17,1.71.47-.03.85-.03,1.22-.07.32-.03.64-.13.95-.14.13,0,.26.15.4.24-.08.12-.13.29-.23.34-.63.29-1.26.61-1.92.8-.47.14-.53.39-.46.77.08.43.35.56.77.43.24-.07.5-.16.73-.12.2.03.53.23.52.34-.01.24-.15.61-.33.69-.55.22-1.14.36-1.72.47-.54.1-1.06-.36-1.05-.99.01-1.21.09-2.43.17-3.64.04-.52.4-.79.9-.83.72-.05,1.45-.75,2.22.01Z\" fill=\"#3f5150\" stroke-width=\"0\"><\/path><path d=\"m8.3,29.83c-.43-.71-.8-1.32-1.26-2.09-.33.97-.59,1.76-.85,2.54-.11,0-.22,0-.33,0-.56-1.12-1.13-2.23-1.66-3.36-.05-.11.11-.33.18-.5.19.08.45.1.55.24.32.43.59.9,1.01,1.56.16-.6.24-1,.37-1.38.09-.26.25-.5.38-.75.28.17.62.29.82.52.33.39.56.86.91,1.41.21-.32.38-.52.48-.75.16-.34.23-.72.42-1.03.1-.17.36-.26.54-.38.09.19.3.42.25.57-.35,1.18-.65,2.4-1.8,3.37Z\" fill=\"#3f5150\" stroke-width=\"0\"><\/path><\/g><\/svg>\t\t\t<\/div>\n\t\t<\/div>\n\t\t\t\t<\/div>\n\t\t\t\t<\/div>\n\t\t\t\t<div class=\"elementor-element elementor-element-3f9c924 elementor-widget elementor-widget-heading\" data-id=\"3f9c924\" data-element_type=\"widget\" data-widget_type=\"heading.default\">\n\t\t\t\t<div class=\"elementor-widget-container\">\n\t\t\t<h2 class=\"elementor-heading-title elementor-size-default\">Urlaub in Jesolo am goldgelber Strand, der sich zwischen dem schattigen Pinienwald, einer wahren Gr\u00fcnoase f\u00fcr die Stadt, und den modernen und gut ausgestatteten Badeanstalten der Adria, erstreckt. <\/h2>\t\t<\/div>\n\t\t\t\t<\/div>\n\t\t\t\t<div class=\"elementor-element elementor-element-7ba0137 elementor-widget elementor-widget-text-editor\" data-id=\"7ba0137\" data-element_type=\"widget\" data-widget_type=\"text-editor.default\">\n\t\t\t\t<div class=\"elementor-widget-container\">\n\t\t\t<style>\/*! elementor - v3.18.0 - 20-12-2023 *\/\n.elementor-widget-text-editor.elementor-drop-cap-view-stacked .elementor-drop-cap{background-color:#69727d;color:#fff}.elementor-widget-text-editor.elementor-drop-cap-view-framed .elementor-drop-cap{color:#69727d;border:3px solid;background-color:transparent}.elementor-widget-text-editor:not(.elementor-drop-cap-view-default) .elementor-drop-cap{margin-top:8px}.elementor-widget-text-editor:not(.elementor-drop-cap-view-default) .elementor-drop-cap-letter{width:1em;height:1em}.elementor-widget-text-editor .elementor-drop-cap{float:left;text-align:center;line-height:1;font-size:50px}.elementor-widget-text-editor .elementor-drop-cap-letter{display:inline-block}<\/style>\t\t\t\t<p>modernen und gut ausgestatteten Badeanstalten der Adria, erstreckt. Neben dem Lido ist der Pinienwald, jener Ort am Meer, der sich auf drei Kilometer in Richtung Piave-M\u00fcndung hin erstreckt, wo die Touristen in der charakteristischen Ortschaft Cortellazzo willkommen gehei\u00dfen werden.  <\/p>\n\t\t\t\t\t\t<\/div>\n\t\t\t\t<\/div>\n\t\t\t\t\t<\/div>\n\t\t\t\t<\/div>\n\t\t<div class=\"elementor-element elementor-element-672c1fe e-flex e-con-boxed e-con e-parent\" data-id=\"672c1fe\" data-element_type=\"container\" data-settings=\"{&quot;content_width&quot;:&quot;boxed&quot;}\" data-core-v316-plus=\"true\">\n\t\t\t\t\t<div class=\"e-con-inner\">\n\t\t<div class=\"elementor-element elementor-element-d6325e7 e-con-full e-flex e-con e-child\" data-id=\"d6325e7\" data-element_type=\"container\" data-settings=\"{&quot;content_width&quot;:&quot;full&quot;}\">\n\t\t\t\t<div class=\"elementor-element elementor-element-6335d60 elementor-widget elementor-widget-image\" data-id=\"6335d60\" data-element_type=\"widget\" data-widget_type=\"image.default\">\n\t\t\t\t<div class=\"elementor-widget-container\">\n\t\t\t<style>\/*! elementor - v3.18.0 - 20-12-2023 *\/\n.elementor-widget-image{text-align:center}.elementor-widget-image a{display:inline-block}.elementor-widget-image a img[src$=\".svg\"]{width:48px}.elementor-widget-image img{vertical-align:middle;display:inline-block}<\/style>\t\t\t\t\t\t\t\t\t\t\t\t<img fetchpriority=\"high\" decoding=\"async\" width=\"1920\" height=\"1079\" src=\"https:\/\/www.hotellabussolajesolo.it\/wp-content\/uploads\/2023\/11\/pontile-spiaggia-di-jesolo.jpg\" class=\"attachment-full size-full wp-image-458\" alt=\"\" srcset=\"https:\/\/www.hotellabussolajesolo.it\/wp-content\/uploads\/2023\/11\/pontile-spiaggia-di-jesolo.jpg 1920w, https:\/\/www.hotellabussolajesolo.it\/wp-content\/uploads\/2023\/11\/pontile-spiaggia-di-jesolo-300x169.jpg 300w, https:\/\/www.hotellabussolajesolo.it\/wp-content\/uploads\/2023\/11\/pontile-spiaggia-di-jesolo-1024x575.jpg 1024w, https:\/\/www.hotellabussolajesolo.it\/wp-content\/uploads\/2023\/11\/pontile-spiaggia-di-jesolo-768x432.jpg 768w, https:\/\/www.hotellabussolajesolo.it\/wp-content\/uploads\/2023\/11\/pontile-spiaggia-di-jesolo-1536x863.jpg 1536w\" sizes=\"(max-width: 1920px) 100vw, 1920px\" \/>\t\t\t\t\t\t\t\t\t\t\t\t\t\t\t<\/div>\n\t\t\t\t<\/div>\n\t\t\t\t<\/div>\n\t\t<div class=\"elementor-element elementor-element-de7aa2c e-con-full e-flex e-con e-child\" data-id=\"de7aa2c\" data-element_type=\"container\" data-settings=\"{&quot;content_width&quot;:&quot;full&quot;}\">\n\t\t\t\t<div class=\"elementor-element elementor-element-05e59c1 elementor-widget elementor-widget-text-editor\" data-id=\"05e59c1\" data-element_type=\"widget\" data-widget_type=\"text-editor.default\">\n\t\t\t\t<div class=\"elementor-widget-container\">\n\t\t\t\t\t\t\t<p>Ein moderner Strand f\u00fcr die Sicherheit der Badeg\u00e4ste (von den zust\u00e4ndigen Stellen zertifiziert), der Urlaubsm\u00f6glichkeiten ganz im Zeichen von Relax bietet. Jesolo ist all das und noch viel mehr.<\/p>\n<\/p>\n<p>Weil, neben der Qualit\u00e4t der Unterbringungsstrukturen, der Sch\u00f6nheit des Meeres und des Strandes, es viele Serviceleistungen gibt und tausende Unterhaltungsm\u00f6glichkeiten, die Ihren Urlaub zu einem unvergesslichen Erlebnis werden lassen.  <\/p>\n<\/p>\n<p>Der lange Strand von Jesolo ist ein Feuerwerk an Unterhaltung, Sportm\u00f6glichkeiten, Wettk\u00e4mpfen jeder Art und f\u00fcr jedes Alter.<\/p>\n\t\t\t\t\t\t<\/div>\n\t\t\t\t<\/div>\n\t\t\t\t<\/div>\n\t\t\t\t\t<\/div>\n\t\t\t\t<\/div>\n\t\t<div class=\"elementor-element elementor-element-831efff e-flex e-con-boxed e-con e-parent\" data-id=\"831efff\" data-element_type=\"container\" data-settings=\"{&quot;content_width&quot;:&quot;boxed&quot;}\" data-core-v316-plus=\"true\">\n\t\t\t\t\t<div class=\"e-con-inner\">\n\t\t<div class=\"elementor-element elementor-element-93ab50c e-con-full e-flex e-con e-child\" data-id=\"93ab50c\" data-element_type=\"container\" data-settings=\"{&quot;content_width&quot;:&quot;full&quot;}\">\n\t\t\t\t<div class=\"elementor-element elementor-element-dc04b27 elementor-widget elementor-widget-text-editor\" data-id=\"dc04b27\" data-element_type=\"widget\" data-widget_type=\"text-editor.default\">\n\t\t\t\t<div class=\"elementor-widget-container\">\n\t\t\t\t\t\t\t<p>Familienfreundlicher Urlaub: Jesolo l\u00e4sst Eltern und Kinder den Alltag vergessen und sorgt mit einem vielf\u00e4ltigen Angebot und Ideen f\u00fcr alle f\u00fcr eine ausgelassene, unbeschwerte Stimmung.  <\/p>\n<\/p>\n<p>Ideen, die zur Kunst werden, wenn der Sand zum wiederholten Male zum Protagonisten wird. Lassen Sie sich von den faszinierenden Sandskulpturen und dem Meer von Jesolo verzaubern. <\/p>\n\t\t\t\t\t\t<\/div>\n\t\t\t\t<\/div>\n\t\t\t\t<\/div>\n\t\t<div class=\"elementor-element elementor-element-cd25f3e e-con-full e-flex e-con e-child\" data-id=\"cd25f3e\" data-element_type=\"container\" data-settings=\"{&quot;content_width&quot;:&quot;full&quot;}\">\n\t\t\t\t<div class=\"elementor-element elementor-element-5d3aba1 elementor-widget elementor-widget-image\" data-id=\"5d3aba1\" data-element_type=\"widget\" data-widget_type=\"image.default\">\n\t\t\t\t<div class=\"elementor-widget-container\">\n\t\t\t\t\t\t\t\t\t\t\t\t\t\t\t<img decoding=\"async\" width=\"1920\" height=\"1080\" src=\"https:\/\/www.hotellabussolajesolo.it\/wp-content\/uploads\/2023\/11\/via-bafile.jpg\" class=\"attachment-full size-full wp-image-460\" alt=\"\" srcset=\"https:\/\/www.hotellabussolajesolo.it\/wp-content\/uploads\/2023\/11\/via-bafile.jpg 1920w, https:\/\/www.hotellabussolajesolo.it\/wp-content\/uploads\/2023\/11\/via-bafile-300x169.jpg 300w, https:\/\/www.hotellabussolajesolo.it\/wp-content\/uploads\/2023\/11\/via-bafile-1024x576.jpg 1024w, https:\/\/www.hotellabussolajesolo.it\/wp-content\/uploads\/2023\/11\/via-bafile-768x432.jpg 768w, https:\/\/www.hotellabussolajesolo.it\/wp-content\/uploads\/2023\/11\/via-bafile-1536x864.jpg 1536w\" sizes=\"(max-width: 1920px) 100vw, 1920px\" \/>\t\t\t\t\t\t\t\t\t\t\t\t\t\t\t<\/div>\n\t\t\t\t<\/div>\n\t\t\t\t<\/div>\n\t\t\t\t\t<\/div>\n\t\t\t\t<\/div>\n\t\t<div class=\"elementor-element elementor-element-88986cc e-flex e-con-boxed e-con e-parent\" data-id=\"88986cc\" data-element_type=\"container\" data-settings=\"{&quot;content_width&quot;:&quot;boxed&quot;}\" data-core-v316-plus=\"true\">\n\t\t\t\t\t<div class=\"e-con-inner\">\n\t\t\t\t<div class=\"elementor-element elementor-element-85c0d45 elementor-widget elementor-widget-heading\" data-id=\"85c0d45\" data-element_type=\"widget\" data-widget_type=\"heading.default\">\n\t\t\t\t<div class=\"elementor-widget-container\">\n\t\t\t<h2 class=\"elementor-heading-title elementor-size-default\">Experience Jesolo<\/h2>\t\t<\/div>\n\t\t\t\t<\/div>\n\t\t\t\t\t<\/div>\n\t\t\t\t<\/div>\n\t\t<div class=\"elementor-element elementor-element-1cda636 e-flex e-con-boxed e-con e-parent\" data-id=\"1cda636\" data-element_type=\"container\" data-settings=\"{&quot;content_width&quot;:&quot;boxed&quot;}\" data-core-v316-plus=\"true\">\n\t\t\t\t\t<div class=\"e-con-inner\">\n\t\t<div class=\"elementor-element elementor-element-99e9f58 e-con-full e-flex e-con e-child\" data-id=\"99e9f58\" data-element_type=\"container\" data-settings=\"{&quot;content_width&quot;:&quot;full&quot;}\">\n\t\t\t\t<div class=\"elementor-element elementor-element-edfbecb elementor-widget elementor-widget-image\" data-id=\"edfbecb\" data-element_type=\"widget\" data-widget_type=\"image.default\">\n\t\t\t\t<div class=\"elementor-widget-container\">\n\t\t\t\t\t\t\t\t\t\t\t\t\t\t\t<img decoding=\"async\" width=\"800\" height=\"1082\" src=\"https:\/\/www.hotellabussolajesolo.it\/wp-content\/uploads\/2023\/11\/bike.jpg\" class=\"attachment-full size-full wp-image-454\" alt=\"\" srcset=\"https:\/\/www.hotellabussolajesolo.it\/wp-content\/uploads\/2023\/11\/bike.jpg 800w, https:\/\/www.hotellabussolajesolo.it\/wp-content\/uploads\/2023\/11\/bike-222x300.jpg 222w, https:\/\/www.hotellabussolajesolo.it\/wp-content\/uploads\/2023\/11\/bike-757x1024.jpg 757w, https:\/\/www.hotellabussolajesolo.it\/wp-content\/uploads\/2023\/11\/bike-768x1039.jpg 768w\" sizes=\"(max-width: 800px) 100vw, 800px\" \/>\t\t\t\t\t\t\t\t\t\t\t\t\t\t\t<\/div>\n\t\t\t\t<\/div>\n\t\t\t\t<div class=\"elementor-element elementor-element-2ac9491 elementor-widget elementor-widget-text-editor\" data-id=\"2ac9491\" data-element_type=\"widget\" data-widget_type=\"text-editor.default\">\n\t\t\t\t<div class=\"elementor-widget-container\">\n\t\t\t\t\t\t\t<h3>Bike around<\/h3>\n\t\t\t\t\t\t<\/div>\n\t\t\t\t<\/div>\n\t\t\t\t<\/div>\n\t\t<div class=\"elementor-element elementor-element-9fe1a47 e-con-full e-flex e-con e-child\" data-id=\"9fe1a47\" data-element_type=\"container\" data-settings=\"{&quot;content_width&quot;:&quot;full&quot;}\">\n\t\t\t\t<div class=\"elementor-element elementor-element-52c8cc5 elementor-widget elementor-widget-image\" data-id=\"52c8cc5\" data-element_type=\"widget\" data-widget_type=\"image.default\">\n\t\t\t\t<div class=\"elementor-widget-container\">\n\t\t\t\t\t\t\t\t\t\t\t\t\t\t\t<img loading=\"lazy\" decoding=\"async\" width=\"800\" height=\"1082\" src=\"https:\/\/www.hotellabussolajesolo.it\/wp-content\/uploads\/2023\/11\/mare-a-jesolo.jpg\" class=\"attachment-full size-full wp-image-450\" alt=\"\" srcset=\"https:\/\/www.hotellabussolajesolo.it\/wp-content\/uploads\/2023\/11\/mare-a-jesolo.jpg 800w, https:\/\/www.hotellabussolajesolo.it\/wp-content\/uploads\/2023\/11\/mare-a-jesolo-222x300.jpg 222w, https:\/\/www.hotellabussolajesolo.it\/wp-content\/uploads\/2023\/11\/mare-a-jesolo-757x1024.jpg 757w, https:\/\/www.hotellabussolajesolo.it\/wp-content\/uploads\/2023\/11\/mare-a-jesolo-768x1039.jpg 768w\" sizes=\"(max-width: 800px) 100vw, 800px\" \/>\t\t\t\t\t\t\t\t\t\t\t\t\t\t\t<\/div>\n\t\t\t\t<\/div>\n\t\t\t\t<div class=\"elementor-element elementor-element-0e18255 elementor-widget elementor-widget-text-editor\" data-id=\"0e18255\" data-element_type=\"widget\" data-widget_type=\"text-editor.default\">\n\t\t\t\t<div class=\"elementor-widget-container\">\n\t\t\t\t\t\t\t<h3>Spa\u00df im Wasser<\/h3>\n\t\t\t\t\t\t<\/div>\n\t\t\t\t<\/div>\n\t\t\t\t<\/div>\n\t\t<div class=\"elementor-element elementor-element-33d5ab5 e-con-full e-flex e-con e-child\" data-id=\"33d5ab5\" data-element_type=\"container\" data-settings=\"{&quot;content_width&quot;:&quot;full&quot;}\">\n\t\t\t\t<div class=\"elementor-element elementor-element-f08eb44 elementor-widget elementor-widget-image\" data-id=\"f08eb44\" data-element_type=\"widget\" data-widget_type=\"image.default\">\n\t\t\t\t<div class=\"elementor-widget-container\">\n\t\t\t\t\t\t\t\t\t\t\t\t\t\t\t<img loading=\"lazy\" decoding=\"async\" width=\"800\" height=\"1082\" src=\"https:\/\/www.hotellabussolajesolo.it\/wp-content\/uploads\/2023\/11\/venezia.jpg\" class=\"attachment-full size-full wp-image-448\" alt=\"\" srcset=\"https:\/\/www.hotellabussolajesolo.it\/wp-content\/uploads\/2023\/11\/venezia.jpg 800w, https:\/\/www.hotellabussolajesolo.it\/wp-content\/uploads\/2023\/11\/venezia-222x300.jpg 222w, https:\/\/www.hotellabussolajesolo.it\/wp-content\/uploads\/2023\/11\/venezia-757x1024.jpg 757w, https:\/\/www.hotellabussolajesolo.it\/wp-content\/uploads\/2023\/11\/venezia-768x1039.jpg 768w\" sizes=\"(max-width: 800px) 100vw, 800px\" \/>\t\t\t\t\t\t\t\t\t\t\t\t\t\t\t<\/div>\n\t\t\t\t<\/div>\n\t\t\t\t<div class=\"elementor-element elementor-element-cc82891 elementor-widget elementor-widget-text-editor\" data-id=\"cc82891\" data-element_type=\"widget\" data-widget_type=\"text-editor.default\">\n\t\t\t\t<div class=\"elementor-widget-container\">\n\t\t\t\t\t\t\t<h3>Besuchen Sie Venedig<\/h3>\n\t\t\t\t\t\t<\/div>\n\t\t\t\t<\/div>\n\t\t\t\t<\/div>\n\t\t\t\t\t<\/div>\n\t\t\t\t<\/div>\n\t\t\t\t\t\t\t<\/div>\n\t\t","protected":false},"excerpt":{"rendered":"<p>Willkommen in Jesolo Urlaub in Jesolo am goldgelber Strand, der sich zwischen dem schattigen Pinienwald, einer wahren Gr\u00fcnoase f\u00fcr die Stadt, und den modernen und gut ausgestatteten Badeanstalten der Adria, erstreckt. modernen und gut ausgestatteten Badeanstalten der Adria, erstreckt. Neben dem Lido ist der Pinienwald, jener Ort am Meer, der sich auf drei Kilometer in [&hellip;]<\/p>\n","protected":false},"author":1,"featured_media":0,"parent":0,"menu_order":0,"comment_status":"closed","ping_status":"closed","template":"","meta":{"footnotes":""},"class_list":["post-1406","page","type-page","status-publish","hentry"],"_links":{"self":[{"href":"https:\/\/www.hotellabussolajesolo.it\/de\/wp-json\/wp\/v2\/pages\/1406","targetHints":{"allow":["GET"]}}],"collection":[{"href":"https:\/\/www.hotellabussolajesolo.it\/de\/wp-json\/wp\/v2\/pages"}],"about":[{"href":"https:\/\/www.hotellabussolajesolo.it\/de\/wp-json\/wp\/v2\/types\/page"}],"author":[{"embeddable":true,"href":"https:\/\/www.hotellabussolajesolo.it\/de\/wp-json\/wp\/v2\/users\/1"}],"replies":[{"embeddable":true,"href":"https:\/\/www.hotellabussolajesolo.it\/de\/wp-json\/wp\/v2\/comments?post=1406"}],"version-history":[{"count":6,"href":"https:\/\/www.hotellabussolajesolo.it\/de\/wp-json\/wp\/v2\/pages\/1406\/revisions"}],"predecessor-version":[{"id":1449,"href":"https:\/\/www.hotellabussolajesolo.it\/de\/wp-json\/wp\/v2\/pages\/1406\/revisions\/1449"}],"wp:attachment":[{"href":"https:\/\/www.hotellabussolajesolo.it\/de\/wp-json\/wp\/v2\/media?parent=1406"}],"curies":[{"name":"wp","href":"https:\/\/api.w.org\/{rel}","templated":true}]}}